{"id":46990,"date":"2026-02-10T13:20:49","date_gmt":"2026-02-10T11:20:49","guid":{"rendered":"https:\/\/www.frantoiomuraglia.it\/?post_type=product&p=46990"},"modified":"2026-05-10T10:04:14","modified_gmt":"2026-05-10T08:04:14","slug":"rose-gold","status":"publish","type":"product","link":"https:\/\/www.frantoiomuraglia.it\/de\/produkt\/rose-gold\/","title":{"rendered":"Ros\u00e8 Gold"},"content":{"rendered":"<p>Mit der COOLors-Kollektion bringen wir die ikonische Form der Keramikb\u00fcchsen auf das Glas, wodurch eine Flasche mit modernem und modernem Charakter entsteht, die sich den B\u00fcchsen anpasst.<\/p>\n<p>Das leuchtende Rosa des COOLors Ros\u00e9 Gold besticht auf den ersten Blick und erz\u00e4hlt von Energie, W\u00e4rme und Authentizit\u00e4t. Eine ikonische Flasche, die Stil und Pers\u00f6nlichkeit in jeden Raum bringt, vom Haus bis zum Tisch. <\/p>\n<p>Erh\u00e4ltlich in der Variante Fruttato Intenso und Fruttato Medio von leuchtend rosa bis zu den kreativeren Versionen, wie dem COOLors Campo di Fiori und &#8222;Il Dono&#8220; in Zusammenarbeit mit der K\u00fcnstlerin Camilla Falsini.<\/p>\n","protected":false},"excerpt":{"rendered":"<p>Mit der COOLors-Kollektion bringen wir die ikonische Form der Keramikb\u00fcchsen auf das Glas, wodurch eine Flasche mit modernem und modernem Charakter entsteht, die sich den B\u00fcchsen anpasst. Das leuchtende Rosa des COOLors Ros\u00e9 Gold besticht auf den ersten Blick und erz\u00e4hlt von Energie, W\u00e4rme und Authentizit\u00e4t. Eine ikonische Flasche, die Stil und Pers\u00f6nlichkeit in jeden [&hellip;]<\/p>\n","protected":false},"featured_media":5077,"template":"","meta":{"_acf_changed":false},"product_brand":[],"product_cat":[172,377,203],"product_tag":[427,303,180,174],"class_list":{"0":"post-46990","1":"product","2":"type-product","3":"status-publish","4":"has-post-thumbnail","6":"product_cat-flaschen","7":"product_cat-coolors-de","8":"product_cat-geschenkideen","9":"product_tag-coolors-de","10":"product_tag-gift-ideas-de-2","11":"product_tag-tpl_intensiv_fruchtiges","12":"product_tag-tpl_mittel_fruchtiges","14":"first","15":"instock","16":"taxable","17":"shipping-taxable","18":"purchasable","19":"product-type-variable"},"acf":[],"_links":{"self":[{"href":"https:\/\/www.frantoiomuraglia.it\/de\/wp-json\/wp\/v2\/product\/46990","targetHints":{"allow":["GET"]}}],"collection":[{"href":"https:\/\/www.frantoiomuraglia.it\/de\/wp-json\/wp\/v2\/product"}],"about":[{"href":"https:\/\/www.frantoiomuraglia.it\/de\/wp-json\/wp\/v2\/types\/product"}],"wp:featuredmedia":[{"embeddable":true,"href":"https:\/\/www.frantoiomuraglia.it\/de\/wp-json\/wp\/v2\/media\/5077"}],"wp:attachment":[{"href":"https:\/\/www.frantoiomuraglia.it\/de\/wp-json\/wp\/v2\/media?parent=46990"}],"wp:term":[{"taxonomy":"product_brand","embeddable":true,"href":"https:\/\/www.frantoiomuraglia.it\/de\/wp-json\/wp\/v2\/product_brand?post=46990"},{"taxonomy":"product_cat","embeddable":true,"href":"https:\/\/www.frantoiomuraglia.it\/de\/wp-json\/wp\/v2\/product_cat?post=46990"},{"taxonomy":"product_tag","embeddable":true,"href":"https:\/\/www.frantoiomuraglia.it\/de\/wp-json\/wp\/v2\/product_tag?post=46990"}],"curies":[{"name":"wp","href":"https:\/\/api.w.org\/{rel}","templated":true}]}}