{"id":46472,"date":"2026-01-12T13:02:10","date_gmt":"2026-01-12T11:02:10","guid":{"rendered":"https:\/\/www.frantoiomuraglia.it\/?post_type=product&p=46472"},"modified":"2026-01-12T13:20:46","modified_gmt":"2026-01-12T11:20:46","slug":"kanister-in-regenbogenfarben-500ml","status":"publish","type":"product","link":"https:\/\/www.frantoiomuraglia.it\/de\/produkt\/kanister-in-regenbogenfarben-500ml\/","title":{"rendered":"Kanister in Regenbogenfarben 500ml"},"content":{"rendered":"<p>Die Regenbogen-Dose hat den perfekten Vintage-Charme zum Verschenken. Im Inneren all die Exzellenz unseres fruchtig-intensiven nativen Oliven\u00f6ls, hergestellt aus 100% italienischen Oliven der Sorte Coratina. Ein \u00d6l, das sich durch seinen kr\u00e4ftigen Geschmack auszeichnet und perfekt f\u00fcr jedes Gericht geeignet ist.  <\/p>\n<p>Die Verpackung macht diese Dose ideal f\u00fcr den t\u00e4glichen Gebrauch, perfekt auch zum Verschenken. Praktisch, \u00fcberraschend, in der Lage, eine Wahl von Geschmack und Stil zu erz\u00e4hlen. <\/p>\n<p>Alle Anwendungstipps unter &#8222;Oliven\u00f6lkultur&#8220;.<\/p>\n","protected":false},"excerpt":{"rendered":"<p>Die Regenbogen-Dose hat den perfekten Vintage-Charme zum Verschenken. Im Inneren all die Exzellenz unseres fruchtig-intensiven nativen Oliven\u00f6ls, hergestellt aus 100% italienischen Oliven der Sorte Coratina. Ein \u00d6l, das sich durch seinen kr\u00e4ftigen Geschmack auszeichnet und perfekt f\u00fcr jedes Gericht geeignet ist. Die Verpackung macht diese Dose ideal f\u00fcr den t\u00e4glichen Gebrauch, perfekt auch zum Verschenken. [&hellip;]<\/p>\n","protected":false},"featured_media":46468,"template":"","meta":{"_acf_changed":false},"product_brand":[],"product_cat":[397,217],"product_tag":[329,303,308,180],"class_list":{"0":"post-46472","1":"product","2":"type-product","3":"status-publish","4":"has-post-thumbnail","6":"product_cat-kanister-in-regenbogenfarben","7":"product_cat-bag-in-box-und-dosen","8":"product_tag-cans-de","9":"product_tag-gift-ideas-de-2","10":"product_tag-intense-variant-de","11":"product_tag-tpl_intensiv_fruchtiges","13":"first","14":"instock","15":"taxable","16":"shipping-taxable","17":"purchasable","18":"product-type-simple"},"acf":[],"_links":{"self":[{"href":"https:\/\/www.frantoiomuraglia.it\/de\/wp-json\/wp\/v2\/product\/46472","targetHints":{"allow":["GET"]}}],"collection":[{"href":"https:\/\/www.frantoiomuraglia.it\/de\/wp-json\/wp\/v2\/product"}],"about":[{"href":"https:\/\/www.frantoiomuraglia.it\/de\/wp-json\/wp\/v2\/types\/product"}],"wp:featuredmedia":[{"embeddable":true,"href":"https:\/\/www.frantoiomuraglia.it\/de\/wp-json\/wp\/v2\/media\/46468"}],"wp:attachment":[{"href":"https:\/\/www.frantoiomuraglia.it\/de\/wp-json\/wp\/v2\/media?parent=46472"}],"wp:term":[{"taxonomy":"product_brand","embeddable":true,"href":"https:\/\/www.frantoiomuraglia.it\/de\/wp-json\/wp\/v2\/product_brand?post=46472"},{"taxonomy":"product_cat","embeddable":true,"href":"https:\/\/www.frantoiomuraglia.it\/de\/wp-json\/wp\/v2\/product_cat?post=46472"},{"taxonomy":"product_tag","embeddable":true,"href":"https:\/\/www.frantoiomuraglia.it\/de\/wp-json\/wp\/v2\/product_tag?post=46472"}],"curies":[{"name":"wp","href":"https:\/\/api.w.org\/{rel}","templated":true}]}}