{"id":42355,"date":"2025-10-13T17:51:28","date_gmt":"2025-10-13T15:51:28","guid":{"rendered":"https:\/\/www.frantoiomuraglia.it\/?post_type=product&#038;p=42355"},"modified":"2026-04-24T20:03:04","modified_gmt":"2026-04-24T18:03:04","slug":"geschenkpaket-orci-design","status":"publish","type":"product","link":"https:\/\/www.frantoiomuraglia.it\/de\/produkt\/geschenkpaket-orci-design\/","title":{"rendered":"Geschenkpaket Orci Design"},"content":{"rendered":"<p>Eine elegante rote Verpackung mit einem schwarzen Band, die ein einzigartiges Erlebnis von Geschmack und Design bietet.<br \/>Im Inneren finden Sie eine Auswahl unserer besten, von apulischen Keramikern handgefertigten Reiher: die ikonische Keramikflasche in Regenbogenfarben mit nativem Oliven\u00f6l extra Intense Fruity und zwei der beliebtesten St\u00fccke der PopArt-Kollektion: die Keramikflasche mit Oktopus, , die das Oliven\u00f6l extravergine Mittelfruchtig und die Keramikflasche mit Kaktusfeigenmotiv mit dem Oliven\u00f6l extra Intense Fruity <\/p>\n<p>Um eine Reise in den Farben, Aromen und der Kunst von Apulien zu schenken<\/p>\n","protected":false},"excerpt":{"rendered":"<p>Eine elegante rote Verpackung mit einem schwarzen Band, die ein einzigartiges Erlebnis von Geschmack und Design bietet.Im Inneren finden Sie eine Auswahl unserer besten, von apulischen Keramikern handgefertigten Reiher: die ikonische Keramikflasche in Regenbogenfarben mit nativem Oliven\u00f6l extra Intense Fruity und zwei der beliebtesten St\u00fccke der PopArt-Kollektion: die Keramikflasche mit Oktopus, , die das Oliven\u00f6l [&hellip;]<\/p>\n","protected":false},"featured_media":48043,"template":"","meta":{"_acf_changed":false},"product_brand":[],"product_cat":[141,374,203,358],"product_tag":[453,303,308,294,310],"class_list":{"0":"post-42355","1":"product","2":"type-product","3":"status-publish","4":"has-post-thumbnail","6":"product_cat-keramikflasche","7":"product_cat-capsule-collection-de","8":"product_cat-geschenkideen","9":"product_cat-pop-art-de","10":"product_tag-geschenkbox","11":"product_tag-gift-ideas-de-2","12":"product_tag-intense-variant-de","13":"product_tag-jars-de-2","14":"product_tag-medium-variant-de","16":"first","17":"instock","18":"taxable","19":"shipping-taxable","20":"purchasable","21":"product-type-simple"},"acf":[],"_links":{"self":[{"href":"https:\/\/www.frantoiomuraglia.it\/de\/wp-json\/wp\/v2\/product\/42355","targetHints":{"allow":["GET"]}}],"collection":[{"href":"https:\/\/www.frantoiomuraglia.it\/de\/wp-json\/wp\/v2\/product"}],"about":[{"href":"https:\/\/www.frantoiomuraglia.it\/de\/wp-json\/wp\/v2\/types\/product"}],"wp:featuredmedia":[{"embeddable":true,"href":"https:\/\/www.frantoiomuraglia.it\/de\/wp-json\/wp\/v2\/media\/48043"}],"wp:attachment":[{"href":"https:\/\/www.frantoiomuraglia.it\/de\/wp-json\/wp\/v2\/media?parent=42355"}],"wp:term":[{"taxonomy":"product_brand","embeddable":true,"href":"https:\/\/www.frantoiomuraglia.it\/de\/wp-json\/wp\/v2\/product_brand?post=42355"},{"taxonomy":"product_cat","embeddable":true,"href":"https:\/\/www.frantoiomuraglia.it\/de\/wp-json\/wp\/v2\/product_cat?post=42355"},{"taxonomy":"product_tag","embeddable":true,"href":"https:\/\/www.frantoiomuraglia.it\/de\/wp-json\/wp\/v2\/product_tag?post=42355"}],"curies":[{"name":"wp","href":"https:\/\/api.w.org\/{rel}","templated":true}]}}