{"id":42345,"date":"2025-10-14T17:20:16","date_gmt":"2025-10-14T15:20:16","guid":{"rendered":"https:\/\/www.frantoiomuraglia.it\/?post_type=product&p=42345"},"modified":"2026-04-22T22:05:56","modified_gmt":"2026-04-22T20:05:56","slug":"degustations-paket-camilla-falsini","status":"publish","type":"product","link":"https:\/\/www.frantoiomuraglia.it\/de\/produkt\/degustations-paket-camilla-falsini\/","title":{"rendered":"Degustations-Paket Camilla Falsini"},"content":{"rendered":"<p>Ein Degustationspaket mit dem neuen Design von &#8222;Il Dono&#8220; von Camilla Falsini.<br \/>Eine Schublade-Schatulle mit einem Stapel von Geschenkpackungen und zwei M\u00e4nnchen, die eine Schleife spannen, perfekt, um jeden zu \u00fcberraschen, der sie erh\u00e4lt.<br \/>Enth\u00e4lt eine 250-ml-Flasche unseres Bio-\u00d6ls und zwei 250-ml-Dosen mit unserem extra nativen Oliven\u00f6l mit intensivem und mittlerem Frucht, sowie zwei keramische Pfannen in gelber und gr\u00fcner Farbe.<br \/>Weil jeder Tag eine Gelegenheit zum Geben ist.<\/p>\n","protected":false},"excerpt":{"rendered":"<p>Ein Degustationspaket mit dem neuen Design von &#8222;Il Dono&#8220; von Camilla Falsini.Eine Schublade-Schatulle mit einem Stapel von Geschenkpackungen und zwei M\u00e4nnchen, die eine Schleife spannen, perfekt, um jeden zu \u00fcberraschen, der sie erh\u00e4lt.Enth\u00e4lt eine 250-ml-Flasche unseres Bio-\u00d6ls und zwei 250-ml-Dosen mit unserem extra nativen Oliven\u00f6l mit intensivem und mittlerem Frucht, sowie zwei keramische Pfannen in [&hellip;]<\/p>\n","protected":false},"featured_media":42302,"template":"","meta":{"_acf_changed":false},"product_brand":[],"product_cat":[397,203],"product_tag":[443,329,453,303,308,310,383],"class_list":{"0":"post-42345","1":"product","2":"type-product","3":"status-publish","4":"has-post-thumbnail","6":"product_cat-kanister-in-regenbogenfarben","7":"product_cat-geschenkideen","8":"product_tag-bottiglie","9":"product_tag-cans-de","10":"product_tag-geschenkbox","11":"product_tag-gift-ideas-de-2","12":"product_tag-intense-variant-de","13":"product_tag-medium-variant-de","14":"product_tag-organic-line-de","16":"first","17":"instock","18":"taxable","19":"shipping-taxable","20":"purchasable","21":"product-type-simple"},"acf":[],"_links":{"self":[{"href":"https:\/\/www.frantoiomuraglia.it\/de\/wp-json\/wp\/v2\/product\/42345","targetHints":{"allow":["GET"]}}],"collection":[{"href":"https:\/\/www.frantoiomuraglia.it\/de\/wp-json\/wp\/v2\/product"}],"about":[{"href":"https:\/\/www.frantoiomuraglia.it\/de\/wp-json\/wp\/v2\/types\/product"}],"wp:featuredmedia":[{"embeddable":true,"href":"https:\/\/www.frantoiomuraglia.it\/de\/wp-json\/wp\/v2\/media\/42302"}],"wp:attachment":[{"href":"https:\/\/www.frantoiomuraglia.it\/de\/wp-json\/wp\/v2\/media?parent=42345"}],"wp:term":[{"taxonomy":"product_brand","embeddable":true,"href":"https:\/\/www.frantoiomuraglia.it\/de\/wp-json\/wp\/v2\/product_brand?post=42345"},{"taxonomy":"product_cat","embeddable":true,"href":"https:\/\/www.frantoiomuraglia.it\/de\/wp-json\/wp\/v2\/product_cat?post=42345"},{"taxonomy":"product_tag","embeddable":true,"href":"https:\/\/www.frantoiomuraglia.it\/de\/wp-json\/wp\/v2\/product_tag?post=42345"}],"curies":[{"name":"wp","href":"https:\/\/api.w.org\/{rel}","templated":true}]}}