{"id":42342,"date":"2025-10-13T17:54:31","date_gmt":"2025-10-13T15:54:31","guid":{"rendered":"https:\/\/www.frantoiomuraglia.it\/?post_type=product&p=42342"},"modified":"2026-04-17T10:48:45","modified_gmt":"2026-04-17T08:48:45","slug":"geschenkpaket-regenbogen","status":"publish","type":"product","link":"https:\/\/www.frantoiomuraglia.it\/de\/produkt\/geschenkpaket-regenbogen\/","title":{"rendered":"Geschenkpaket Regenbogen"},"content":{"rendered":"<p>Unsere ber\u00fchmtesten Produkte und unser ikonischstes Design sind zum ersten Mal in einer eleganten schwarzen Box enthalten, die mit einem Stirnband in allen Farben des Regenbogens verziert ist.<br \/>Entdecken Sie das Geschenkpaket Arcobaleno, um jeden Moment mit der Energie und Freude der Farben zu feiern.<br \/>Die Packung enth\u00e4lt eine 250ml-Dose Arcobaleno und unseren handgemalten und bemalten Regenbogen-Topf, H\u00fcter von extra nativem Oliven\u00f6l Fruttato Intenso und einen kleinen Regenbogen-Sch\u00e4lchen von 12 cm.<\/p>\n","protected":false},"excerpt":{"rendered":"<p>Unsere ber\u00fchmtesten Produkte und unser ikonischstes Design sind zum ersten Mal in einer eleganten schwarzen Box enthalten, die mit einem Stirnband in allen Farben des Regenbogens verziert ist.Entdecken Sie das Geschenkpaket Arcobaleno, um jeden Moment mit der Energie und Freude der Farben zu feiern.Die Packung enth\u00e4lt eine 250ml-Dose Arcobaleno und unseren handgemalten und bemalten Regenbogen-Topf, [&hellip;]<\/p>\n","protected":false},"featured_media":42317,"template":"","meta":{"_acf_changed":false},"product_brand":[],"product_cat":[141,203],"product_tag":[453,303,308],"class_list":{"0":"post-42342","1":"product","2":"type-product","3":"status-publish","4":"has-post-thumbnail","6":"product_cat-keramikflasche","7":"product_cat-geschenkideen","8":"product_tag-geschenkbox","9":"product_tag-gift-ideas-de-2","10":"product_tag-intense-variant-de","12":"first","13":"instock","14":"taxable","15":"shipping-taxable","16":"purchasable","17":"product-type-simple"},"acf":[],"_links":{"self":[{"href":"https:\/\/www.frantoiomuraglia.it\/de\/wp-json\/wp\/v2\/product\/42342","targetHints":{"allow":["GET"]}}],"collection":[{"href":"https:\/\/www.frantoiomuraglia.it\/de\/wp-json\/wp\/v2\/product"}],"about":[{"href":"https:\/\/www.frantoiomuraglia.it\/de\/wp-json\/wp\/v2\/types\/product"}],"wp:featuredmedia":[{"embeddable":true,"href":"https:\/\/www.frantoiomuraglia.it\/de\/wp-json\/wp\/v2\/media\/42317"}],"wp:attachment":[{"href":"https:\/\/www.frantoiomuraglia.it\/de\/wp-json\/wp\/v2\/media?parent=42342"}],"wp:term":[{"taxonomy":"product_brand","embeddable":true,"href":"https:\/\/www.frantoiomuraglia.it\/de\/wp-json\/wp\/v2\/product_brand?post=42342"},{"taxonomy":"product_cat","embeddable":true,"href":"https:\/\/www.frantoiomuraglia.it\/de\/wp-json\/wp\/v2\/product_cat?post=42342"},{"taxonomy":"product_tag","embeddable":true,"href":"https:\/\/www.frantoiomuraglia.it\/de\/wp-json\/wp\/v2\/product_tag?post=42342"}],"curies":[{"name":"wp","href":"https:\/\/api.w.org\/{rel}","templated":true}]}}