{"id":40317,"date":"2025-07-18T12:59:06","date_gmt":"2025-07-18T10:59:06","guid":{"rendered":"https:\/\/www.frantoiomuraglia.it\/?post_type=product&#038;p=40317"},"modified":"2026-04-09T11:54:47","modified_gmt":"2026-04-09T09:54:47","slug":"aromatische-box-von-francesco-apreda","status":"publish","type":"product","link":"https:\/\/www.frantoiomuraglia.it\/de\/produkt\/aromatische-box-von-francesco-apreda\/","title":{"rendered":"Aromatische Box von Francesco Apreda"},"content":{"rendered":"<p>Die Packung Aromatici by Apreda enth\u00e4lt zwei \u00d6le, die eine Innovation in der Welt der Aromaten darstellen. In Zusammenarbeit mit Francesco Apreda, dem K\u00fcchenchef des Idylio by Apreda, einem Michelin-Stern im The Pantheon Iconic Hotel in Rom, bieten sie ein neues und \u00fcberraschendes Geschmackserlebnis. <\/p>\n<p>Red Pikkante ist ein intensives und vibrierendes \u00d6l, angereichert mit Chili, Koriandersamen, Macis, Paprika und Pfeffer.<\/p>\n<p>Gold India ist eine goldene Mischung aus Kurkuma, Kreuzk\u00fcmmel, Kardamom, Galanga und Zimt.<\/p>\n<p>Das Set enth\u00e4lt 2 Flaschen \u00e0 100ml.<\/p>\n","protected":false},"excerpt":{"rendered":"<p>Die Packung Aromatici by Apreda enth\u00e4lt zwei \u00d6le, die eine Innovation in der Welt der Aromaten darstellen. In Zusammenarbeit mit Francesco Apreda, dem K\u00fcchenchef des Idylio by Apreda, einem Michelin-Stern im The Pantheon Iconic Hotel in Rom, bieten sie ein neues und \u00fcberraschendes Geschmackserlebnis. Red Pikkante ist ein intensives und vibrierendes \u00d6l, angereichert mit Chili, [&hellip;]<\/p>\n","protected":false},"featured_media":40409,"template":"","meta":{"_acf_changed":false},"product_brand":[],"product_cat":[228],"product_tag":[318],"class_list":{"0":"post-40317","1":"product","2":"type-product","3":"status-publish","4":"has-post-thumbnail","6":"product_cat-aromatisiertes","7":"product_tag-aromatic-de","9":"first","10":"instock","11":"taxable","12":"shipping-taxable","13":"purchasable","14":"product-type-simple"},"acf":[],"_links":{"self":[{"href":"https:\/\/www.frantoiomuraglia.it\/de\/wp-json\/wp\/v2\/product\/40317","targetHints":{"allow":["GET"]}}],"collection":[{"href":"https:\/\/www.frantoiomuraglia.it\/de\/wp-json\/wp\/v2\/product"}],"about":[{"href":"https:\/\/www.frantoiomuraglia.it\/de\/wp-json\/wp\/v2\/types\/product"}],"wp:featuredmedia":[{"embeddable":true,"href":"https:\/\/www.frantoiomuraglia.it\/de\/wp-json\/wp\/v2\/media\/40409"}],"wp:attachment":[{"href":"https:\/\/www.frantoiomuraglia.it\/de\/wp-json\/wp\/v2\/media?parent=40317"}],"wp:term":[{"taxonomy":"product_brand","embeddable":true,"href":"https:\/\/www.frantoiomuraglia.it\/de\/wp-json\/wp\/v2\/product_brand?post=40317"},{"taxonomy":"product_cat","embeddable":true,"href":"https:\/\/www.frantoiomuraglia.it\/de\/wp-json\/wp\/v2\/product_cat?post=40317"},{"taxonomy":"product_tag","embeddable":true,"href":"https:\/\/www.frantoiomuraglia.it\/de\/wp-json\/wp\/v2\/product_tag?post=40317"}],"curies":[{"name":"wp","href":"https:\/\/api.w.org\/{rel}","templated":true}]}}