{"id":34080,"date":"2024-10-28T11:23:03","date_gmt":"2024-10-28T09:23:03","guid":{"rendered":"https:\/\/www.frantoiomuraglia.it\/product\/keramikgefaess-fondazione-rava\/"},"modified":"2026-04-26T16:51:17","modified_gmt":"2026-04-26T14:51:17","slug":"keramikgefaess-fondazione-rava","status":"publish","type":"product","link":"https:\/\/www.frantoiomuraglia.it\/de\/produkt\/keramikgefaess-fondazione-rava\/","title":{"rendered":"Keramikgef\u00e4\u00df Fondazione Rava"},"content":{"rendered":"<p>Das Gute im Sch\u00f6nen, Gutes tun.<\/p>\n<p>Die neue Zusammenarbeit mit der Fondazione Francesca Rava NPH, einer gemeinn\u00fctzigen Organisation, die benachteiligten Kindern in Italien und auf der ganzen Welt hilft, ist ein Projekt, das das Konzept des Schenkens auf eine neue Ebene hebt. Gemeinsam haben wir eine limitierte Sonderedition unseres blauen 100-ml-Regenbogentiegels kreiert, der als kleines Geschenk f\u00fcr einen besonderen Moment gedacht ist. <\/p>\n<p>Eine von unseren Keramikern handgefertigte und handbemalte Keramikflasche in limitierter Auflage, die als kleines Geschenk f\u00fcr einen besonderen Moment gedacht ist. Blaue Streifen kennzeichnen dieses Gef\u00e4\u00df, das unser wertvolles natives Oliven\u00f6l extra enth\u00e4lt und zu einem Symbol der Solidarit\u00e4t wird: f\u00fcr jedes verkaufte Glas spenden wir 1,50 \u20ac an die Fondazione Rava. <\/p>\n<p>Erh\u00e4ltlich in der intensiv-fruchtigen Variante.<\/p>\n<p>&nbsp;<\/p>\n<p>&nbsp;<\/p>\n","protected":false},"excerpt":{"rendered":"<p>RAVA STIFTUNG KERAMIKGEF\u00c4SS<\/p>\n","protected":false},"featured_media":39935,"template":"","meta":{"_acf_changed":false},"product_brand":[],"product_cat":[141,160],"product_tag":[293,303,308,294],"class_list":{"0":"post-34080","1":"product","2":"type-product","3":"status-publish","4":"has-post-thumbnail","6":"product_cat-keramikflasche","7":"product_cat-upsell_astuccio_orcio-de","8":"product_tag-featured-de-2","9":"product_tag-gift-ideas-de-2","10":"product_tag-intense-variant-de","11":"product_tag-jars-de-2","13":"first","14":"instock","15":"taxable","16":"shipping-taxable","17":"purchasable","18":"product-type-simple"},"acf":[],"_links":{"self":[{"href":"https:\/\/www.frantoiomuraglia.it\/de\/wp-json\/wp\/v2\/product\/34080","targetHints":{"allow":["GET"]}}],"collection":[{"href":"https:\/\/www.frantoiomuraglia.it\/de\/wp-json\/wp\/v2\/product"}],"about":[{"href":"https:\/\/www.frantoiomuraglia.it\/de\/wp-json\/wp\/v2\/types\/product"}],"wp:featuredmedia":[{"embeddable":true,"href":"https:\/\/www.frantoiomuraglia.it\/de\/wp-json\/wp\/v2\/media\/39935"}],"wp:attachment":[{"href":"https:\/\/www.frantoiomuraglia.it\/de\/wp-json\/wp\/v2\/media?parent=34080"}],"wp:term":[{"taxonomy":"product_brand","embeddable":true,"href":"https:\/\/www.frantoiomuraglia.it\/de\/wp-json\/wp\/v2\/product_brand?post=34080"},{"taxonomy":"product_cat","embeddable":true,"href":"https:\/\/www.frantoiomuraglia.it\/de\/wp-json\/wp\/v2\/product_cat?post=34080"},{"taxonomy":"product_tag","embeddable":true,"href":"https:\/\/www.frantoiomuraglia.it\/de\/wp-json\/wp\/v2\/product_tag?post=34080"}],"curies":[{"name":"wp","href":"https:\/\/api.w.org\/{rel}","templated":true}]}}