{"id":32005,"date":"2024-06-19T10:28:57","date_gmt":"2024-06-19T08:28:57","guid":{"rendered":"https:\/\/www.frantoiomuraglia.it\/?post_type=product&#038;p=32005"},"modified":"2025-06-30T13:12:11","modified_gmt":"2025-06-30T11:12:11","slug":"keramiktopf-mediterrane-fruechte","status":"publish","type":"product","link":"https:\/\/www.frantoiomuraglia.it\/de\/produkt\/keramiktopf-mediterrane-fruechte\/","title":{"rendered":"Keramiktopf Mediterrane Fr\u00fcchte"},"content":{"rendered":"<p>Das Keramikgef\u00e4\u00df Fruits of the Mediterranean zeichnet sich durch helle Farben, fruchtige Motive und freigesetzte D\u00fcfte aus, die von Sonne, Meer, Erde und einem Leben im Einklang mit der Umwelt erz\u00e4hlen. Unsere Essenz.<\/p>\n<p>Zur gleichen Kollektion geh\u00f6ren auch zwei 500-ml-Dosen &#8211; die gr\u00fcne f\u00fcr das \u00d6l \u201eIntense Fruity\u201c und die hellblaue f\u00fcr das \u00d6l \u201eMedium Fruity\u201c -, die zum ersten Mal in den gleichen Farben gehalten sind und die Verbindung zwischen traditioneller Handwerkskunst und zeitgen\u00f6ssischer Designinnovation repr\u00e4sentieren, die schon immer zu unserem Kerngesch\u00e4ft geh\u00f6rte.<\/p>\n<p>Alle Anwendungstipps unter &#8222;Oliven\u00f6lkultur&#8220;.<\/p>\n","protected":false},"excerpt":{"rendered":"<p>KERAMIKGLAS MEDITERRANE FR\u00dcCHTE 500ML<\/p>\n","protected":false},"featured_media":33509,"template":"","meta":{"_acf_changed":false},"product_brand":[],"product_cat":[141,160,142],"product_tag":[316,303,308,294],"class_list":{"0":"post-32005","1":"product","2":"type-product","3":"status-publish","4":"has-post-thumbnail","6":"product_cat-keramikflasche","7":"product_cat-upsell_astuccio_orcio-de","8":"product_cat-upsell_shopper-de","9":"product_tag-essence-de","10":"product_tag-gift-ideas-de-2","11":"product_tag-intense-variant-de","12":"product_tag-jars-de-2","14":"first","15":"instock","16":"taxable","17":"shipping-taxable","18":"purchasable","19":"product-type-simple"},"acf":[],"_links":{"self":[{"href":"https:\/\/www.frantoiomuraglia.it\/de\/wp-json\/wp\/v2\/product\/32005","targetHints":{"allow":["GET"]}}],"collection":[{"href":"https:\/\/www.frantoiomuraglia.it\/de\/wp-json\/wp\/v2\/product"}],"about":[{"href":"https:\/\/www.frantoiomuraglia.it\/de\/wp-json\/wp\/v2\/types\/product"}],"wp:featuredmedia":[{"embeddable":true,"href":"https:\/\/www.frantoiomuraglia.it\/de\/wp-json\/wp\/v2\/media\/33509"}],"wp:attachment":[{"href":"https:\/\/www.frantoiomuraglia.it\/de\/wp-json\/wp\/v2\/media?parent=32005"}],"wp:term":[{"taxonomy":"product_brand","embeddable":true,"href":"https:\/\/www.frantoiomuraglia.it\/de\/wp-json\/wp\/v2\/product_brand?post=32005"},{"taxonomy":"product_cat","embeddable":true,"href":"https:\/\/www.frantoiomuraglia.it\/de\/wp-json\/wp\/v2\/product_cat?post=32005"},{"taxonomy":"product_tag","embeddable":true,"href":"https:\/\/www.frantoiomuraglia.it\/de\/wp-json\/wp\/v2\/product_tag?post=32005"}],"curies":[{"name":"wp","href":"https:\/\/api.w.org\/{rel}","templated":true}]}}