{"id":32001,"date":"2024-06-19T16:43:38","date_gmt":"2024-06-19T14:43:38","guid":{"rendered":"https:\/\/www.frantoiomuraglia.it\/?post_type=product&#038;p=32001"},"modified":"2025-10-15T10:31:37","modified_gmt":"2025-10-15T08:31:37","slug":"mediterrane-fruechte-dose-500ml-gruen","status":"publish","type":"product","link":"https:\/\/www.frantoiomuraglia.it\/de\/produkt\/mediterrane-fruechte-dose-500ml-gruen\/","title":{"rendered":"Mediterrane Fr\u00fcchte Dose 500ml gr\u00fcn"},"content":{"rendered":"<p>Eine Dose mit 500 ml intensivem Frucht\u00f6l in leuchtenden Farben, fruchtigen Mustern und freigesetzten D\u00fcften, die eine Geschichte von Sonne, Meer, Erde und einem Leben in Harmonie mit der Umwelt erz\u00e4hlen. Unsere Essenz.<\/p>\n<p>Zur gleichen Kollektion geh\u00f6ren auch ein mattes Glas und eine 500-ml-Dose &#8211; die Blau, die H\u00fcterin des \u00d6ls Mittel Fruchtig -, die zum ersten Mal in den gleichen Farben gehalten sind und die Verbindung von traditioneller Handwerkskunst und zeitgen\u00f6ssischer Designinnovation repr\u00e4sentieren, die schon immer unser Kernst\u00fcck war.<\/p>\n<p>Alle Anwendungstipps unter &#8222;Oliven\u00f6lkultur&#8220;.<\/p>\n","protected":false},"excerpt":{"rendered":"<p>MEDITERRANE FR\u00dcCHTE DOSE 500ML GR\u00dcN<\/p>\n","protected":false},"featured_media":39939,"template":"","meta":{"_acf_changed":false},"product_brand":[],"product_cat":[397],"product_tag":[316,308,180],"class_list":{"0":"post-32001","1":"product","2":"type-product","3":"status-publish","4":"has-post-thumbnail","6":"product_cat-kanister-in-regenbogenfarben","7":"product_tag-essence-de","8":"product_tag-intense-variant-de","9":"product_tag-tpl_intensiv_fruchtiges","11":"first","12":"instock","13":"taxable","14":"shipping-taxable","15":"purchasable","16":"product-type-simple"},"acf":[],"_links":{"self":[{"href":"https:\/\/www.frantoiomuraglia.it\/de\/wp-json\/wp\/v2\/product\/32001","targetHints":{"allow":["GET"]}}],"collection":[{"href":"https:\/\/www.frantoiomuraglia.it\/de\/wp-json\/wp\/v2\/product"}],"about":[{"href":"https:\/\/www.frantoiomuraglia.it\/de\/wp-json\/wp\/v2\/types\/product"}],"wp:featuredmedia":[{"embeddable":true,"href":"https:\/\/www.frantoiomuraglia.it\/de\/wp-json\/wp\/v2\/media\/39939"}],"wp:attachment":[{"href":"https:\/\/www.frantoiomuraglia.it\/de\/wp-json\/wp\/v2\/media?parent=32001"}],"wp:term":[{"taxonomy":"product_brand","embeddable":true,"href":"https:\/\/www.frantoiomuraglia.it\/de\/wp-json\/wp\/v2\/product_brand?post=32001"},{"taxonomy":"product_cat","embeddable":true,"href":"https:\/\/www.frantoiomuraglia.it\/de\/wp-json\/wp\/v2\/product_cat?post=32001"},{"taxonomy":"product_tag","embeddable":true,"href":"https:\/\/www.frantoiomuraglia.it\/de\/wp-json\/wp\/v2\/product_tag?post=32001"}],"curies":[{"name":"wp","href":"https:\/\/api.w.org\/{rel}","templated":true}]}}