{"id":31997,"date":"2024-06-19T17:14:55","date_gmt":"2024-06-19T15:14:55","guid":{"rendered":"https:\/\/www.frantoiomuraglia.it\/?post_type=product&#038;p=31997"},"modified":"2025-10-15T16:35:39","modified_gmt":"2025-10-15T14:35:39","slug":"mediterrane-obstdose-500ml-hellblau","status":"publish","type":"product","link":"https:\/\/www.frantoiomuraglia.it\/de\/produkt\/mediterrane-obstdose-500ml-hellblau\/","title":{"rendered":"Mediterrane Obstdose 500ml hellblau"},"content":{"rendered":"<p>Eine Dose mit 500 ml Mittel Fruchtig-\u00d6l in leuchtenden Farben, fruchtigen Mustern und freigesetzten D\u00fcften, die eine Geschichte von Sonne, Meer, Erde und einem Leben in Harmonie mit der Umwelt erz\u00e4hlen. Unsere Essenz.<\/p>\n<p>Zur gleichen Kollektion geh\u00f6ren auch eine matte Dose und eine 500-ml-Dose &#8211; die gr\u00fcne Dose, die das \u00d6l Intensiv Fruchtig enth\u00e4lt -, die zum ersten Mal in den gleichen Farben gehalten sind und die Verbindung zwischen traditioneller Handwerkskunst und zeitgen\u00f6ssischer Designinnovation darstellen, die schon immer unser Kernst\u00fcck war.<\/p>\n<p>Alle Anwendungstipps unter &#8222;Oliven\u00f6lkultur&#8220;.<\/p>\n","protected":false},"excerpt":{"rendered":"<p>MEDITERRANE FR\u00dcCHTE DOSE 500ML HELLBLAU<\/p>\n<p>&nbsp;<\/p>\n<p>&nbsp;<\/p>\n","protected":false},"featured_media":39943,"template":"","meta":{"_acf_changed":false},"product_brand":[],"product_cat":[397],"product_tag":[329,316,303,310],"class_list":{"0":"post-31997","1":"product","2":"type-product","3":"status-publish","4":"has-post-thumbnail","6":"product_cat-kanister-in-regenbogenfarben","7":"product_tag-cans-de","8":"product_tag-essence-de","9":"product_tag-gift-ideas-de-2","10":"product_tag-medium-variant-de","12":"first","13":"instock","14":"taxable","15":"shipping-taxable","16":"purchasable","17":"product-type-simple"},"acf":[],"_links":{"self":[{"href":"https:\/\/www.frantoiomuraglia.it\/de\/wp-json\/wp\/v2\/product\/31997","targetHints":{"allow":["GET"]}}],"collection":[{"href":"https:\/\/www.frantoiomuraglia.it\/de\/wp-json\/wp\/v2\/product"}],"about":[{"href":"https:\/\/www.frantoiomuraglia.it\/de\/wp-json\/wp\/v2\/types\/product"}],"wp:featuredmedia":[{"embeddable":true,"href":"https:\/\/www.frantoiomuraglia.it\/de\/wp-json\/wp\/v2\/media\/39943"}],"wp:attachment":[{"href":"https:\/\/www.frantoiomuraglia.it\/de\/wp-json\/wp\/v2\/media?parent=31997"}],"wp:term":[{"taxonomy":"product_brand","embeddable":true,"href":"https:\/\/www.frantoiomuraglia.it\/de\/wp-json\/wp\/v2\/product_brand?post=31997"},{"taxonomy":"product_cat","embeddable":true,"href":"https:\/\/www.frantoiomuraglia.it\/de\/wp-json\/wp\/v2\/product_cat?post=31997"},{"taxonomy":"product_tag","embeddable":true,"href":"https:\/\/www.frantoiomuraglia.it\/de\/wp-json\/wp\/v2\/product_tag?post=31997"}],"curies":[{"name":"wp","href":"https:\/\/api.w.org\/{rel}","templated":true}]}}