{"id":30604,"date":"2024-03-27T18:06:06","date_gmt":"2024-03-27T16:06:06","guid":{"rendered":"https:\/\/www.frantoiomuraglia.it\/?post_type=product&#038;p=30604"},"modified":"2025-10-15T16:54:36","modified_gmt":"2025-10-15T14:54:36","slug":"geschenkset-aus-farbigen-dosen","status":"publish","type":"product","link":"https:\/\/www.frantoiomuraglia.it\/de\/produkt\/geschenkset-aus-farbigen-dosen\/","title":{"rendered":"Geschenkset aus farbigen Dosen"},"content":{"rendered":"<p>Das Coloured Cans Set fasst die ganze Natur Apuliens in Dosen mit Vintage-Charme zusammen: das Pois-Design f\u00fcr Retro-Eleganz, die Kaktusfeige f\u00fcr mediterrane Nuancen und die Rainbow mit ihrer bezaubernden Farbvielfalt. Im Inneren befindet sich ein \u00d6l aus italienischen Oliven der Sorten Coratina und Peranzana, das zu jedem Gericht passt. Die kunstvolle Verpackung macht die Dose nicht nur zu einem praktischen Beh\u00e4ltnis, sondern auch zu einem Designobjekt f\u00fcr Ihre K\u00fcche oder zu einem geschmackvollen Geschenk.  <\/p>\n<p>Die Kaktusfeigen- und die Polka-Dot-Dose enthalten das Intensiv Fruchtig \u00d6l. Die Rainbow-Dose enth\u00e4lt das Mittel Fruchtig \u00d6l. <\/p>\n<p>Alle Anwendungstipps unter &#8222;Oliven\u00f6lkultur&#8220;.<\/p>\n","protected":false},"excerpt":{"rendered":"<p>SET LATTINE 250<\/p>\n","protected":false},"featured_media":33546,"template":"","meta":{"_acf_changed":false},"product_brand":[],"product_cat":[397,203,142],"product_tag":[329,303,308,180],"class_list":{"0":"post-30604","1":"product","2":"type-product","3":"status-publish","4":"has-post-thumbnail","6":"product_cat-kanister-in-regenbogenfarben","7":"product_cat-geschenkideen","8":"product_cat-upsell_shopper-de","9":"product_tag-cans-de","10":"product_tag-gift-ideas-de-2","11":"product_tag-intense-variant-de","12":"product_tag-tpl_intensiv_fruchtiges","14":"first","15":"instock","16":"taxable","17":"shipping-taxable","18":"purchasable","19":"product-type-simple"},"acf":[],"_links":{"self":[{"href":"https:\/\/www.frantoiomuraglia.it\/de\/wp-json\/wp\/v2\/product\/30604","targetHints":{"allow":["GET"]}}],"collection":[{"href":"https:\/\/www.frantoiomuraglia.it\/de\/wp-json\/wp\/v2\/product"}],"about":[{"href":"https:\/\/www.frantoiomuraglia.it\/de\/wp-json\/wp\/v2\/types\/product"}],"wp:featuredmedia":[{"embeddable":true,"href":"https:\/\/www.frantoiomuraglia.it\/de\/wp-json\/wp\/v2\/media\/33546"}],"wp:attachment":[{"href":"https:\/\/www.frantoiomuraglia.it\/de\/wp-json\/wp\/v2\/media?parent=30604"}],"wp:term":[{"taxonomy":"product_brand","embeddable":true,"href":"https:\/\/www.frantoiomuraglia.it\/de\/wp-json\/wp\/v2\/product_brand?post=30604"},{"taxonomy":"product_cat","embeddable":true,"href":"https:\/\/www.frantoiomuraglia.it\/de\/wp-json\/wp\/v2\/product_cat?post=30604"},{"taxonomy":"product_tag","embeddable":true,"href":"https:\/\/www.frantoiomuraglia.it\/de\/wp-json\/wp\/v2\/product_tag?post=30604"}],"curies":[{"name":"wp","href":"https:\/\/api.w.org\/{rel}","templated":true}]}}