{"id":26272,"date":"2023-08-08T10:58:02","date_gmt":"2023-08-08T08:58:02","guid":{"rendered":"https:\/\/www.frantoiomuraglia.it\/product\/kanister-in-kaktusfeigenmotiv-250-ml\/"},"modified":"2025-06-11T09:09:37","modified_gmt":"2025-06-11T07:09:37","slug":"lattina-fico-india-da-250-ml","status":"publish","type":"product","link":"https:\/\/www.frantoiomuraglia.it\/de\/produkt\/lattina-fico-india-da-250-ml\/","title":{"rendered":"Kanister in Kaktusfeigenmotiv 250 ml"},"content":{"rendered":"<p>Die Kaktusfeigen Kanister hat einen Vintage-Charme, der sich perfekt zum Verschenken oder zum Selbermachen eignet. In der Dose befindet sich die ganze Vorz\u00fcglichkeit des Nativen Oliven\u00f6ls Extra Frantoio Muraglia. Hergestellt aus 100% italienischen Coratina-Oliven, zeichnet sich dieses \u00d6l durch seinen intensiven, fruchtigen Geschmack aus, der jedes Gericht verfeinert.  <\/p>\n<p>Die Verpackung macht diese Dose nicht nur zu einem praktischen Beh\u00e4ltnis, sondern auch zu einem idealen Designobjekt f\u00fcr Ihre K\u00fcche oder f\u00fcr ein geschmackvolles Geschenk.<\/p>\n<p>Erh\u00e4ltlich in den Sorten Intensiv Fruchtig.<\/p>\n<p>Alle Anwendungstipps unter &#8222;Oliven\u00f6lkultur&#8220;.<\/p>\n","protected":false},"excerpt":{"rendered":"<p>TIN 250ML FICO D&#8217;INDIA<\/p>\n","protected":false},"featured_media":39927,"template":"","meta":{"_acf_changed":false},"product_brand":[],"product_cat":[397,142],"product_tag":[329,293,308,219,147],"class_list":{"0":"post-26272","1":"product","2":"type-product","3":"status-publish","4":"has-post-thumbnail","6":"product_cat-kanister-in-regenbogenfarben","7":"product_cat-upsell_shopper-de","8":"product_tag-cans-de","9":"product_tag-featured-de-2","10":"product_tag-intense-variant-de","11":"product_tag-tpl_no_category-de","12":"product_tag-upsell_shopper-de","14":"first","15":"instock","16":"taxable","17":"shipping-taxable","18":"purchasable","19":"product-type-simple"},"acf":[],"_links":{"self":[{"href":"https:\/\/www.frantoiomuraglia.it\/de\/wp-json\/wp\/v2\/product\/26272","targetHints":{"allow":["GET"]}}],"collection":[{"href":"https:\/\/www.frantoiomuraglia.it\/de\/wp-json\/wp\/v2\/product"}],"about":[{"href":"https:\/\/www.frantoiomuraglia.it\/de\/wp-json\/wp\/v2\/types\/product"}],"wp:featuredmedia":[{"embeddable":true,"href":"https:\/\/www.frantoiomuraglia.it\/de\/wp-json\/wp\/v2\/media\/39927"}],"wp:attachment":[{"href":"https:\/\/www.frantoiomuraglia.it\/de\/wp-json\/wp\/v2\/media?parent=26272"}],"wp:term":[{"taxonomy":"product_brand","embeddable":true,"href":"https:\/\/www.frantoiomuraglia.it\/de\/wp-json\/wp\/v2\/product_brand?post=26272"},{"taxonomy":"product_cat","embeddable":true,"href":"https:\/\/www.frantoiomuraglia.it\/de\/wp-json\/wp\/v2\/product_cat?post=26272"},{"taxonomy":"product_tag","embeddable":true,"href":"https:\/\/www.frantoiomuraglia.it\/de\/wp-json\/wp\/v2\/product_tag?post=26272"}],"curies":[{"name":"wp","href":"https:\/\/api.w.org\/{rel}","templated":true}]}}