{"id":17704,"date":"2023-05-22T11:23:05","date_gmt":"2023-05-22T09:23:05","guid":{"rendered":"https:\/\/www.frantoiomuraglia.it\/?post_type=product&#038;p=17704"},"modified":"2025-10-17T13:04:59","modified_gmt":"2025-10-17T11:04:59","slug":"couvette-oli-aromatici-mignon-20ml","status":"publish","type":"product","link":"https:\/\/www.frantoiomuraglia.it\/de\/produkt\/couvette-oli-aromatici-mignon-20ml\/","title":{"rendered":"Probierpackung mit aromatisierten Oliven\u00f6len \u201eMignon\u201c im edlen Geschenkkarton"},"content":{"rendered":"<p>Eine Couvette, um alle Sorten unserer Aroma\u00f6le zu probieren.<\/p>\n<p>F\u00fcr diejenigen, die einige Sorten unserer nativen \u00d6le probieren m\u00f6chten, eine Couvette mit 5 Flaschen Aromaten von 20 ml: Zitrone IGP Rocca Imperiale, Peperoncino, Basilico Dop Genovese, Fumo und frischer Knoblauch.<\/p>\n<p>Jede Essenz eignet sich perfekt zum W\u00fcrzen von verschiedenen Gerichten, jeder wird den unterschiedlichen Geschmack befriedigen.<\/p>\n","protected":false},"excerpt":{"rendered":"<p>Eine Couvette, um alle Sorten unserer Aroma\u00f6le zu probieren. F\u00fcr diejenigen, die einige Sorten unserer nativen \u00d6le probieren m\u00f6chten, eine Couvette mit 5 Flaschen Aromaten von 20 ml: Zitrone IGP Rocca Imperiale, Peperoncino, Basilico Dop Genovese, Fumo und frischer Knoblauch. Jede Essenz eignet sich perfekt zum W\u00fcrzen von verschiedenen Gerichten, jeder wird den unterschiedlichen Geschmack [&hellip;]<\/p>\n","protected":false},"featured_media":42145,"template":"","meta":{"_acf_changed":false},"product_brand":[],"product_cat":[142,228,203],"product_tag":[318,319,219,147],"class_list":{"0":"post-17704","1":"product","2":"type-product","3":"status-publish","4":"has-post-thumbnail","6":"product_cat-upsell_shopper-de","7":"product_cat-aromatisiertes","8":"product_cat-geschenkideen","9":"product_tag-aromatic-de","10":"product_tag-aromatictype-de","11":"product_tag-tpl_no_category-de","12":"product_tag-upsell_shopper-de","14":"first","15":"instock","16":"taxable","17":"shipping-taxable","18":"purchasable","19":"product-type-simple"},"acf":[],"_links":{"self":[{"href":"https:\/\/www.frantoiomuraglia.it\/de\/wp-json\/wp\/v2\/product\/17704","targetHints":{"allow":["GET"]}}],"collection":[{"href":"https:\/\/www.frantoiomuraglia.it\/de\/wp-json\/wp\/v2\/product"}],"about":[{"href":"https:\/\/www.frantoiomuraglia.it\/de\/wp-json\/wp\/v2\/types\/product"}],"wp:featuredmedia":[{"embeddable":true,"href":"https:\/\/www.frantoiomuraglia.it\/de\/wp-json\/wp\/v2\/media\/42145"}],"wp:attachment":[{"href":"https:\/\/www.frantoiomuraglia.it\/de\/wp-json\/wp\/v2\/media?parent=17704"}],"wp:term":[{"taxonomy":"product_brand","embeddable":true,"href":"https:\/\/www.frantoiomuraglia.it\/de\/wp-json\/wp\/v2\/product_brand?post=17704"},{"taxonomy":"product_cat","embeddable":true,"href":"https:\/\/www.frantoiomuraglia.it\/de\/wp-json\/wp\/v2\/product_cat?post=17704"},{"taxonomy":"product_tag","embeddable":true,"href":"https:\/\/www.frantoiomuraglia.it\/de\/wp-json\/wp\/v2\/product_tag?post=17704"}],"curies":[{"name":"wp","href":"https:\/\/api.w.org\/{rel}","templated":true}]}}