{"id":17684,"date":"2023-05-22T11:05:35","date_gmt":"2023-05-22T09:05:35","guid":{"rendered":"https:\/\/www.frantoiomuraglia.it\/?post_type=product&#038;p=17684"},"modified":"2025-06-12T18:10:20","modified_gmt":"2025-06-12T16:10:20","slug":"couvette-oli-mignon-20ml","status":"publish","type":"product","link":"https:\/\/www.frantoiomuraglia.it\/de\/produkt\/couvette-oli-mignon-20ml\/","title":{"rendered":"Geschenkkarton mit Oliven\u00f6len \u201eMignon\u201c"},"content":{"rendered":"<p>Die Couvette mit Oliven\u00f6len mignon enth\u00e4lt f\u00fcnf 20-ml-Fl\u00e4schchen, um alle Sorten unserer nativen \u00d6le extra zu probieren: intensiv fruchtig, mittelfruchtig, entsteint, ger\u00e4uchert und Knoblauch &amp; Chili. Ideal, um mit neuen Geschmacksrichtungen zu experimentieren, verschiedene Gerichte zu w\u00fcrzen und die neugierigsten Gaumen zu befriedigen. <\/p>\n<p>Alle Anwendungstipps unter &#8222;Oliven\u00f6lkultur&#8220;.<\/p>\n","protected":false},"excerpt":{"rendered":"<p>Die Couvette mit Oliven\u00f6len mignon enth\u00e4lt f\u00fcnf 20-ml-Fl\u00e4schchen, um alle Sorten unserer nativen \u00d6le extra zu probieren: intensiv fruchtig, mittelfruchtig, entsteint, ger\u00e4uchert und Knoblauch &amp; Chili. Ideal, um mit neuen Geschmacksrichtungen zu experimentieren, verschiedene Gerichte zu w\u00fcrzen und die neugierigsten Gaumen zu befriedigen. Alle Anwendungstipps unter &#8222;Oliven\u00f6lkultur&#8220;.<\/p>\n","protected":false},"featured_media":17714,"template":"","meta":{"_acf_changed":false},"product_brand":[],"product_cat":[382,203],"product_tag":[316,219],"class_list":{"0":"post-17684","1":"product","2":"type-product","3":"status-publish","4":"has-post-thumbnail","6":"product_cat-essenza-de","7":"product_cat-geschenkideen","8":"product_tag-essence-de","9":"product_tag-tpl_no_category-de","11":"first","12":"instock","13":"taxable","14":"shipping-taxable","15":"purchasable","16":"product-type-simple"},"acf":[],"_links":{"self":[{"href":"https:\/\/www.frantoiomuraglia.it\/de\/wp-json\/wp\/v2\/product\/17684","targetHints":{"allow":["GET"]}}],"collection":[{"href":"https:\/\/www.frantoiomuraglia.it\/de\/wp-json\/wp\/v2\/product"}],"about":[{"href":"https:\/\/www.frantoiomuraglia.it\/de\/wp-json\/wp\/v2\/types\/product"}],"wp:featuredmedia":[{"embeddable":true,"href":"https:\/\/www.frantoiomuraglia.it\/de\/wp-json\/wp\/v2\/media\/17714"}],"wp:attachment":[{"href":"https:\/\/www.frantoiomuraglia.it\/de\/wp-json\/wp\/v2\/media?parent=17684"}],"wp:term":[{"taxonomy":"product_brand","embeddable":true,"href":"https:\/\/www.frantoiomuraglia.it\/de\/wp-json\/wp\/v2\/product_brand?post=17684"},{"taxonomy":"product_cat","embeddable":true,"href":"https:\/\/www.frantoiomuraglia.it\/de\/wp-json\/wp\/v2\/product_cat?post=17684"},{"taxonomy":"product_tag","embeddable":true,"href":"https:\/\/www.frantoiomuraglia.it\/de\/wp-json\/wp\/v2\/product_tag?post=17684"}],"curies":[{"name":"wp","href":"https:\/\/api.w.org\/{rel}","templated":true}]}}