{"id":17294,"date":"2023-04-13T15:03:48","date_gmt":"2023-04-13T13:03:48","guid":{"rendered":"https:\/\/www.frantoiomuraglia.it\/?post_type=product&#038;p=17294"},"modified":"2025-10-16T18:08:41","modified_gmt":"2025-10-16T16:08:41","slug":"reviva-collection","status":"publish","type":"product","link":"https:\/\/www.frantoiomuraglia.it\/de\/produkt\/reviva-collection\/","title":{"rendered":"Reviva Collection"},"content":{"rendered":"<p>Unvollkommene Gl\u00e4ser, die als wirklich einzigartige St\u00fccke wiedergewonnen und regeneriert wurden; innen leer, verkauft zusammen mit einer 1-Liter-Dose unseres \u00d6ls: Beh\u00e4lter der Sch\u00f6nheit.<\/p>\n<p>Wir feiern die Sch\u00f6nheit eines zweiten Lebens. Das Design des Keramikgef\u00e4\u00dfes wird je nach Verf\u00fcgbarkeit zuf\u00e4llig ausgew\u00e4hlt.<\/p>\n<p style=\"font-weight: 400;\">Wir glauben, dass unvollkommen bedeutet, perfekt zu sein, jeder auf seine Weise, jeder so, wie es ihm gef\u00e4llt. Und dieser Respekt bedeutet, nicht zu verschwenden, sondern der Natur mit Dankbarkeit etwas zur\u00fcckzugeben. Jedes unserer Produkte ist so wertvoll, dass es nicht abgef\u00fcllt wird, wenn es nicht perfekt ist, selbst wenn es unmerkliche M\u00e4ngel aufweist.<\/p>\n<p style=\"font-weight: 400;\">Wir haben uns jedoch entschieden, diese Scherben wieder zu beleben, ohne eine einzige Ressource zu verschwenden: die unvollkommenen Scherben, die einzigartigen Scherben, die in Verbindung mit einer Ein-Liter-Dose nativem Oliven\u00f6l extra leer verkauft werden. Wir kombinieren das leere Glas mit der Dose, damit Sie es mit unserem \u00d6l f\u00fcllen oder diesem Objekt ein neues Leben geben k\u00f6nnen, wie es Sie inspiriert. Als Blumenst\u00e4nder oder als andere Einrichtungsideen und Funktionen.<\/p>\n<p style=\"font-weight: 400;\">Denn das Imperfekt bleibt nur eine verbale Zeitform f\u00fcr etwas, das \u00fcber die Zeit in seiner Einzigartigkeit bleibt.<\/p>\n<p>Exklusiv online.<\/p>\n","protected":false},"excerpt":{"rendered":"<p>Unvollkommene Gl\u00e4ser, die als wirklich einzigartige St\u00fccke wiedergewonnen und regeneriert wurden; innen leer, verkauft zusammen mit einer 1-Liter-Dose unseres \u00d6ls: Beh\u00e4lter der Sch\u00f6nheit. Wir feiern die Sch\u00f6nheit eines zweiten Lebens. Das Design des Keramikgef\u00e4\u00dfes wird je nach Verf\u00fcgbarkeit zuf\u00e4llig ausgew\u00e4hlt. Wir glauben, dass unvollkommen bedeutet, perfekt zu sein, jeder auf seine Weise, jeder so, wie [&hellip;]<\/p>\n","protected":false},"featured_media":17300,"template":"","meta":{"_acf_changed":false},"product_brand":[],"product_cat":[141,142],"product_tag":[329,303,308,294,180,369,147],"class_list":{"0":"post-17294","1":"product","2":"type-product","3":"status-publish","4":"has-post-thumbnail","6":"product_cat-keramikflasche","7":"product_cat-upsell_shopper-de","8":"product_tag-cans-de","9":"product_tag-gift-ideas-de-2","10":"product_tag-intense-variant-de","11":"product_tag-jars-de-2","12":"product_tag-tpl_intensiv_fruchtiges","13":"product_tag-tpl_jars-de","14":"product_tag-upsell_shopper-de","16":"first","17":"instock","18":"taxable","19":"shipping-taxable","20":"purchasable","21":"product-type-simple"},"acf":[],"_links":{"self":[{"href":"https:\/\/www.frantoiomuraglia.it\/de\/wp-json\/wp\/v2\/product\/17294","targetHints":{"allow":["GET"]}}],"collection":[{"href":"https:\/\/www.frantoiomuraglia.it\/de\/wp-json\/wp\/v2\/product"}],"about":[{"href":"https:\/\/www.frantoiomuraglia.it\/de\/wp-json\/wp\/v2\/types\/product"}],"wp:featuredmedia":[{"embeddable":true,"href":"https:\/\/www.frantoiomuraglia.it\/de\/wp-json\/wp\/v2\/media\/17300"}],"wp:attachment":[{"href":"https:\/\/www.frantoiomuraglia.it\/de\/wp-json\/wp\/v2\/media?parent=17294"}],"wp:term":[{"taxonomy":"product_brand","embeddable":true,"href":"https:\/\/www.frantoiomuraglia.it\/de\/wp-json\/wp\/v2\/product_brand?post=17294"},{"taxonomy":"product_cat","embeddable":true,"href":"https:\/\/www.frantoiomuraglia.it\/de\/wp-json\/wp\/v2\/product_cat?post=17294"},{"taxonomy":"product_tag","embeddable":true,"href":"https:\/\/www.frantoiomuraglia.it\/de\/wp-json\/wp\/v2\/product_tag?post=17294"}],"curies":[{"name":"wp","href":"https:\/\/api.w.org\/{rel}","templated":true}]}}