{"id":11001,"date":"2022-03-24T13:55:19","date_gmt":"2022-03-24T11:55:19","guid":{"rendered":"https:\/\/www.frantoiomuraglia.it\/product\/rot\/"},"modified":"2025-11-28T13:56:39","modified_gmt":"2025-11-28T11:56:39","slug":"vetro-shining-red-2","status":"publish","type":"product","link":"https:\/\/www.frantoiomuraglia.it\/de\/produkt\/vetro-shining-red-2\/","title":{"rendered":"Rot"},"content":{"rendered":"<p>Inspiriert von der Welt der Mode, in raffiniertem, leichtem Glas und k\u00fchlen Farben, steht die COOLors-Kollektion f\u00fcr Eleganz bei Tisch. Die COOLors-\u00d6lflaschen sind eine Weiterentwicklung, die die Terrakotta-Gef\u00e4\u00dfe nicht ersetzt.<\/p>\n<p>Diese Kollektion mit Glasflaschen, die an der Modewelt inspiriert ist, besteht aus raffinierten \u00d6lflaschen aus Leichtglas, die eine bunte Geschmacksparade voller Farben zu Ihnen nach Hause bringt. Seine tiefrote Farbe sticht sofort ins Auge und ist ein Symbol f\u00fcr Energie, W\u00e4rme und Authentizit\u00e4t.<\/p>\n<p>Einzigartige Objekte in limitierter Sammleredition. Die \u00d6lflaschen der Coolors-Kollektion sind eine Neuentwicklung, die sich zu den Terrakotta-Gef\u00e4\u00dfen gesellen und unser Angebot bereichern.<\/p>\n","protected":false},"excerpt":{"rendered":"<p>Inspiriert von der Welt der Mode, in raffiniertem, leichtem Glas und k\u00fchlen Farben, steht die COOLors-Kollektion f\u00fcr Eleganz bei Tisch. Die COOLors-\u00d6lflaschen sind eine Weiterentwicklung, die die Terrakotta-Gef\u00e4\u00dfe nicht ersetzt. Diese Kollektion mit Glasflaschen, die an der Modewelt inspiriert ist, besteht aus raffinierten \u00d6lflaschen aus Leichtglas, die eine bunte Geschmacksparade voller Farben zu Ihnen nach [&hellip;]<\/p>\n","protected":false},"featured_media":10988,"template":"","meta":{"_acf_changed":false},"product_brand":[],"product_cat":[172,377,160,142],"product_tag":[308,294,310,369,147],"class_list":{"0":"post-11001","1":"product","2":"type-product","3":"status-publish","4":"has-post-thumbnail","6":"product_cat-flaschen","7":"product_cat-coolors-de","8":"product_cat-upsell_astuccio_orcio-de","9":"product_cat-upsell_shopper-de","10":"product_tag-intense-variant-de","11":"product_tag-jars-de-2","12":"product_tag-medium-variant-de","13":"product_tag-tpl_jars-de","14":"product_tag-upsell_shopper-de","16":"first","17":"instock","18":"taxable","19":"shipping-taxable","20":"purchasable","21":"product-type-simple"},"acf":[],"_links":{"self":[{"href":"https:\/\/www.frantoiomuraglia.it\/de\/wp-json\/wp\/v2\/product\/11001","targetHints":{"allow":["GET"]}}],"collection":[{"href":"https:\/\/www.frantoiomuraglia.it\/de\/wp-json\/wp\/v2\/product"}],"about":[{"href":"https:\/\/www.frantoiomuraglia.it\/de\/wp-json\/wp\/v2\/types\/product"}],"wp:featuredmedia":[{"embeddable":true,"href":"https:\/\/www.frantoiomuraglia.it\/de\/wp-json\/wp\/v2\/media\/10988"}],"wp:attachment":[{"href":"https:\/\/www.frantoiomuraglia.it\/de\/wp-json\/wp\/v2\/media?parent=11001"}],"wp:term":[{"taxonomy":"product_brand","embeddable":true,"href":"https:\/\/www.frantoiomuraglia.it\/de\/wp-json\/wp\/v2\/product_brand?post=11001"},{"taxonomy":"product_cat","embeddable":true,"href":"https:\/\/www.frantoiomuraglia.it\/de\/wp-json\/wp\/v2\/product_cat?post=11001"},{"taxonomy":"product_tag","embeddable":true,"href":"https:\/\/www.frantoiomuraglia.it\/de\/wp-json\/wp\/v2\/product_tag?post=11001"}],"curies":[{"name":"wp","href":"https:\/\/api.w.org\/{rel}","templated":true}]}}