{"id":7184,"date":"2022-05-12T10:21:56","date_gmt":"2022-05-12T10:21:56","guid":{"rendered":"https:\/\/dev.frantoiomuraglia.it\/datenschutzrichtlinie\/"},"modified":"2025-11-14T17:27:23","modified_gmt":"2025-11-14T15:27:23","slug":"datenschutzrichtlinie","status":"publish","type":"page","link":"https:\/\/www.frantoiomuraglia.it\/de\/datenschutzrichtlinie\/","title":{"rendered":"Datenschutzrichtlinie"},"content":{"rendered":"\t\t<div data-elementor-type=\"wp-page\" data-elementor-id=\"7184\" class=\"elementor elementor-7184 elementor-3\" data-elementor-post-type=\"page\">\n\t\t\t\t\t\t<section class=\"elementor-section elementor-top-section elementor-element elementor-element-73ef1fe elementor-section-boxed elementor-section-height-default elementor-section-height-default\" data-id=\"73ef1fe\" data-element_type=\"section\" data-e-type=\"section\">\n\t\t\t\t\t\t<div class=\"elementor-container elementor-column-gap-default\">\n\t\t\t\t\t<div class=\"elementor-column elementor-col-100 elementor-top-column elementor-element elementor-element-aac7258\" data-id=\"aac7258\" data-element_type=\"column\" data-e-type=\"column\">\n\t\t\t<div class=\"elementor-widget-wrap elementor-element-populated\">\n\t\t\t\t\t\t<div class=\"elementor-element elementor-element-c6c5063 elementor-widget elementor-widget-heading\" data-id=\"c6c5063\" data-element_type=\"widget\" data-e-type=\"widget\" data-widget_type=\"heading.default\">\n\t\t\t\t<div class=\"elementor-widget-container\">\n\t\t\t\t\t<h1 class=\"elementor-heading-title elementor-size-default\"><br>Datenschutzrichtlinie<\/h1>\t\t\t\t<\/div>\n\t\t\t\t<\/div>\n\t\t\t\t\t<\/div>\n\t\t<\/div>\n\t\t\t\t\t<\/div>\n\t\t<\/section>\n\t\t\t\t<section class=\"elementor-section elementor-top-section elementor-element elementor-element-380bde55 elementor-section-boxed elementor-section-height-default elementor-section-height-default\" data-id=\"380bde55\" data-element_type=\"section\" data-e-type=\"section\">\n\t\t\t\t\t\t<div class=\"elementor-container elementor-column-gap-default\">\n\t\t\t\t\t<div class=\"elementor-column elementor-col-100 elementor-top-column elementor-element elementor-element-477e4f2f\" data-id=\"477e4f2f\" data-element_type=\"column\" data-e-type=\"column\">\n\t\t\t<div class=\"elementor-widget-wrap elementor-element-populated\">\n\t\t\t\t\t\t<div class=\"elementor-element elementor-element-4c3d3a0 elementor-widget elementor-widget-text-editor\" data-id=\"4c3d3a0\" data-element_type=\"widget\" data-e-type=\"widget\" data-widget_type=\"text-editor.default\">\n\t\t\t\t<div class=\"elementor-widget-container\">\n\t\t\t\t\t\t\t\t\t<p><strong>Datenschutzrichtlinie<\/strong><\/p>\n<p>Verarbeitung der von der betroffenen Person erhaltenen personenbezogenen Daten<br>Datenschutzrichtlinie gem\u00e4\u00df Artikel 13 der Europ\u00e4ischen Verordnung 679\/16 oder GDPR<\/p>\n<p><strong>1. Selbstverpflichtung<\/strong><br>Das Unternehmen setzt sich aktiv f\u00fcr den Schutz der pers\u00f6nlichen Daten derjenigen ein, die uns diese Daten anvertrauen.&nbsp; Wir empfehlen Ihnen, diesen Hinweis sorgf\u00e4ltig zu lesen, in dem unsere Datenschutzrichtlinie klar dargelegt ist und wie wir Ihre Daten sch\u00fctzen.&nbsp;<\/p>\n<p><strong>2. F\u00fcr die Datenverarbeitung Verantwortlicher und Datenverarbeiter<\/strong><br>Inhaber und Verantwortlicher der Datenverarbeitung: <span style=\"color: var( --e-global-color-text ); font-family: var( --e-global-typography-text-font-family ), Sans-serif; font-size: 1rem;\">Muraglia Savino &amp; C. Societ\u00e0 Agricola Semplice, in der Person des gesetzlichen Vertreters&nbsp;<\/span><span style=\"font-family: var( --e-global-typography-text-font-family ), Sans-serif; font-size: 1rem;\">pro-tempore.&nbsp;<\/span><span style=\"font-family: var( --e-global-typography-text-font-family ), Sans-serif; font-size: 1rem;\">Um Ihre unten aufgef\u00fchrten Rechte auszu\u00fcben, m\u00fcssen Sie einen schriftlichen Antrag auf dem Postweg an die Adresse des f\u00fcr die&nbsp;<\/span><span style=\"font-family: var( --e-global-typography-text-font-family ), Sans-serif; font-size: 1rem;\">Verarbeitung Verantwortlichen oder auf elektronischem Wege an den C\/A des Datenverarbeiters stellen.<\/span><\/p>\n<p><strong>3. Art der verarbeiteten Daten<\/strong><br>Pers\u00f6nliche Steuerdaten, die f\u00fcr die gesetzlich vorgeschriebenen administrativen Erf\u00fcllungen n\u00fctzlich sind, und pers\u00f6nliche Kontaktdaten (als \u201efakultativ\u201c definiert), z. B. Telefonnummern, E-Mails, PECs, Lieferadressen\u2026&nbsp;<\/p>\n<p><strong>4. Rechtsgrundlage und Zweck der Verarbeitung<\/strong><br>Die Rechtsgrundlage f\u00fcr die Verarbeitung ist Ihre Zustimmung, die Sie durch Anklicken des entsprechenden Feldes auf der Website f\u00fcr den Kauf von Produkten, die Anforderung von Informationen und die \u00dcbermittlung von Lebensl\u00e4ufen erteilt haben. Die Daten werden zu folgenden Zwecken verarbeitet: Erf\u00fcllung gesetzlicher oder beh\u00f6rdlicher Verpflichtungen und zu Marketingzwecken.&nbsp;&nbsp;<\/p>\n<p><strong>5. Modalit\u00e4ten der Verarbeitung<\/strong><br>Die Daten werden haupts\u00e4chlich elektronisch und informatisch verarbeitet und sowohl auf Datentr\u00e4gern als auch auf jedem anderen geeigneten Medium gespeichert, wobei die in unseren internen Vorschriften vorgesehenen Sicherheitsma\u00dfnahmen eingehalten werden.&nbsp;&nbsp;<\/p>\n<p><strong>6. Personen, an die personenbezogene Daten weitergegeben werden k\u00f6nnen.<\/strong><br>Ihre pers\u00f6nlichen Daten k\u00f6nnen an Dritte zur buchhalterischen und verwaltungstechnischen Bearbeitung (im Falle von Produktk\u00e4ufen) oder an externe Unternehmen zu Marketingzwecken, f\u00fcr Umfragen zur Kundenzufriedenheit, f\u00fcr Vorschl\u00e4ge zu neuen Produkten oder Sonderangeboten usw. weitergegeben werden.&nbsp;&nbsp;<\/p>\n<p><strong>7. Vorratsspeicherung<\/strong><br>Personenbezogene Daten werden gem\u00e4\u00df den geltenden Rechtsvorschriften mindestens 10 Jahre lang aufbewahrt, und ein Antrag auf L\u00f6schung innerhalb dieses Zeitraums hat keinen Vorrang vor dieser Art von Daten.&nbsp;&nbsp; Was die letztgenannte Datenkategorie betrifft, so werden diese 10 Jahre ab dem letzten Kontakt aufbewahrt. &nbsp;<\/p>\n<p><strong>8. Profilierung<\/strong><\/p>\n<p>In \u00dcbereinstimmung mit den Richtlinien des GDPR und der Wahlfreiheit werden Ihre Daten nicht einer ausschlie\u00dflich automatisierten Entscheidungsfindung unterzogen, einschlie\u00dflich Profiling, die rechtliche Auswirkungen auf Sie hat oder Sie in \u00e4hnlicher Weise betreffen kann.&nbsp;&nbsp;<\/p>\n<p><strong>9. Rechte der betroffenen Person<\/strong><br>Im Zusammenhang mit der Verarbeitung Ihrer personenbezogenen Daten k\u00f6nnen Sie gem\u00e4\u00df Artikel 13, Abs\u00e4tze b und c der DSGVO (EU) 2016\/679&nbsp;Ihre Rechte gegen\u00fcber dem Unternehmen sch\u00fctzen; insbesondere haben Sie das Recht, jederzeit zu erfahren,&nbsp;welche Daten wir \u00fcber Sie gespeichert haben und wie diese verwendet werden;&nbsp;Sie haben au\u00dferdem das Recht, diese Daten zu aktualisieren, zu erg\u00e4nzen, zu berichtigen oder zu l\u00f6schen,&nbsp;ihre Sperrung zu verlangen und ihrer Verarbeitung zu widersprechen, sowie das Recht, vergessen zu werden. Um Ihre Rechte geltend zu machen, k\u00f6nnen Sie sich an den zu Beginn dieser Datenschutzerkl\u00e4rung genannten<br>f\u00fcr die Datenverarbeitung Verantwortlichen oder einen Datenverarbeiter wenden. Bitte beachten Sie jedoch, dass ein Widerspruch gegen die Verarbeitung nur f\u00fcr \u201efreiwillige\u201c Daten m\u00f6glich ist. &nbsp; Bei steuerlichen Aufzeichnungen werden die gesetzlichen Fristen f\u00fcr die Aufbewahrung von Steuerunterlagen eingehalten.&nbsp;<\/p>\n<p><strong>10. Art der Daten und Folgen der Nichteinwilligung<\/strong><br>Das Fehlen der Zustimmung erlaubt nicht den Kauf von Produkten von der Website, die daraus resultierenden buchhalterischen und administrativen Verpflichtungen, sowie das Abonnement von Newslettern und die Zusendung von Formularen zur Anforderung von Informationen.&nbsp;<\/p>\n<p><strong>11. Beanstandungen<\/strong><br>Um eine Beschwerde \u00fcber die Verarbeitung Ihrer pers\u00f6nlichen Daten einzureichen, k\u00f6nnen Sie sich an die italienische Datenschutzbeh\u00f6rde wenden. F\u00fcr weitere Informationen oder zur Kl\u00e4rung der betreffenden Fragen k\u00f6nnen Sie an privacy@frantoiomuraglia.it schreiben.&nbsp;&nbsp;<\/p>\t\t\t\t\t\t\t\t<\/div>\n\t\t\t\t<\/div>\n\t\t\t\t<div class=\"elementor-element elementor-element-121c054 elementor-widget elementor-widget-heading\" data-id=\"121c054\" data-element_type=\"widget\" data-e-type=\"widget\" data-widget_type=\"heading.default\">\n\t\t\t\t<div class=\"elementor-widget-container\">\n\t\t\t\t\t<h2 class=\"elementor-heading-title elementor-size-default\">Cookie Policy<\/h2>\t\t\t\t<\/div>\n\t\t\t\t<\/div>\n\t\t\t\t<div class=\"elementor-element elementor-element-97b352c elementor-widget elementor-widget-html\" data-id=\"97b352c\" data-element_type=\"widget\" data-e-type=\"widget\" data-widget_type=\"html.default\">\n\t\t\t\t<div class=\"elementor-widget-container\">\n\t\t\t\t\t<script id=\"CookieDeclaration\" data-culture=\"DE\" src=\"https:\/\/consent.cookiebot.com\/002f2ff7-cc72-4bce-9b6e-f39d02c4ba21\/cd.js\" type=\"text\/javascript\" async><\/script>\t\t\t\t<\/div>\n\t\t\t\t<\/div>\n\t\t\t\t\t<\/div>\n\t\t<\/div>\n\t\t\t\t\t<\/div>\n\t\t<\/section>\n\t\t\t\t<\/div>\n\t\t","protected":false},"excerpt":{"rendered":"<p>Datenschutzrichtlinie Datenschutzrichtlinie Verarbeitung der von der betroffenen Person erhaltenen personenbezogenen DatenDatenschutzrichtlinie gem\u00e4\u00df Artikel 13 der Europ\u00e4ischen Verordnung 679\/16 oder GDPR 1. SelbstverpflichtungDas Unternehmen setzt sich aktiv f\u00fcr den Schutz der pers\u00f6nlichen Daten derjenigen ein, die uns diese Daten anvertrauen.&nbsp; Wir empfehlen Ihnen, diesen Hinweis sorgf\u00e4ltig zu lesen, in dem unsere Datenschutzrichtlinie klar dargelegt ist und [&hellip;]<\/p>\n","protected":false},"author":1,"featured_media":0,"parent":0,"menu_order":0,"comment_status":"closed","ping_status":"closed","template":"","meta":{"_acf_changed":false,"footnotes":""},"class_list":["post-7184","page","type-page","status-publish","hentry"],"acf":[],"_links":{"self":[{"href":"https:\/\/www.frantoiomuraglia.it\/de\/wp-json\/wp\/v2\/pages\/7184","targetHints":{"allow":["GET"]}}],"collection":[{"href":"https:\/\/www.frantoiomuraglia.it\/de\/wp-json\/wp\/v2\/pages"}],"about":[{"href":"https:\/\/www.frantoiomuraglia.it\/de\/wp-json\/wp\/v2\/types\/page"}],"author":[{"embeddable":true,"href":"https:\/\/www.frantoiomuraglia.it\/de\/wp-json\/wp\/v2\/users\/1"}],"replies":[{"embeddable":true,"href":"https:\/\/www.frantoiomuraglia.it\/de\/wp-json\/wp\/v2\/comments?post=7184"}],"version-history":[{"count":1,"href":"https:\/\/www.frantoiomuraglia.it\/de\/wp-json\/wp\/v2\/pages\/7184\/revisions"}],"predecessor-version":[{"id":43909,"href":"https:\/\/www.frantoiomuraglia.it\/de\/wp-json\/wp\/v2\/pages\/7184\/revisions\/43909"}],"wp:attachment":[{"href":"https:\/\/www.frantoiomuraglia.it\/de\/wp-json\/wp\/v2\/media?parent=7184"}],"curies":[{"name":"wp","href":"https:\/\/api.w.org\/{rel}","templated":true}]}}